{"id":305,"date":"2023-09-19T19:18:00","date_gmt":"2023-09-19T17:18:00","guid":{"rendered":"https:\/\/harrison-coaching.de\/?page_id=305"},"modified":"2024-11-12T11:20:20","modified_gmt":"2024-11-12T10:20:20","slug":"home","status":"publish","type":"page","link":"https:\/\/harrison-coaching.de\/","title":{"rendered":"Home"},"content":{"rendered":"<div class=\"wp-block-cover alignfull has-parallax has-custom-content-position is-position-center-left\" style=\"margin-top:0;margin-bottom:0;padding-top:30px;padding-right:8%;padding-bottom:30px;padding-left:8%;min-height:75vh;aspect-ratio:unset;\"><span aria-hidden=\"true\" class=\"wp-block-cover__background has-background-dim-80 has-background-dim wp-block-cover__gradient-background has-background-gradient\" style=\"background:linear-gradient(150deg,rgb(157,213,255) 0%,rgb(242,240,255) 30%,rgba(255,255,255,0) 47%)\"><\/span><div class=\"wp-block-cover__image-background wp-image-328 has-parallax\" style=\"background-position:50% 50%;background-image:url(https:\/\/harrison-coaching.de\/wp-content\/uploads\/2023\/09\/water-drops-rings.webp)\"><\/div><div class=\"wp-block-cover__inner-container is-layout-flow wp-block-cover-is-layout-flow\">\n<h1 class=\"wp-block-heading has-primary-color has-text-color\" style=\"font-size:clamp(2.2rem, 2.2rem + ((1vw - 0.2rem) * 3.273), 4rem);text-transform:uppercase\">Harrison Coaching<\/h1>\n\n\n\n<p class=\"has-contrast-color has-text-color\" style=\"font-size:clamp(1.25rem, 1.25rem + ((1vw - 0.2rem) * 1.364), 2rem);font-style:normal;font-weight:300\">Communication \u2022 Connection \u2022 Unfolding<\/p>\n\n\n\n<div style=\"height:var(--wp--preset--spacing--40)\" aria-hidden=\"true\" class=\"wp-block-spacer\"><\/div>\n<\/div><\/div>\n\n\n\n<div class=\"wp-block-group alignfull is-layout-flow wp-block-group-is-layout-flow\" style=\"margin-top:0px;margin-bottom:0px;padding-top:30px;padding-right:8%;padding-bottom:30px;padding-left:8%\">\n<h4 class=\"wp-block-heading has-text-align-center\">Communication<\/h4>\n\n\n\n<h2 class=\"wp-block-heading has-text-align-center\">Teile Dich erfolgreich Anderen mit<\/h2>\n\n\n\n<hr class=\"wp-block-separator has-alpha-channel-opacity is-style-wide\" style=\"margin-bottom:var(--wp--preset--spacing--40)\"\/>\n\n\n\n<div class=\"wp-block-media-text is-stacked-on-mobile is-vertically-aligned-center\" style=\"grid-template-columns:35% auto\"><figure class=\"wp-block-media-text__media\"><img loading=\"lazy\" decoding=\"async\" width=\"1024\" height=\"683\" src=\"https:\/\/harrison-coaching.de\/wp-content\/uploads\/2023\/09\/sunset-glass-ball-1024x683.webp\" alt=\"\" class=\"wp-image-324 size-medium\" srcset=\"https:\/\/harrison-coaching.de\/wp-content\/uploads\/2023\/09\/sunset-glass-ball-1024x683.webp 1024w, https:\/\/harrison-coaching.de\/wp-content\/uploads\/2023\/09\/sunset-glass-ball-300x200.webp 300w, https:\/\/harrison-coaching.de\/wp-content\/uploads\/2023\/09\/sunset-glass-ball-150x100.webp 150w, https:\/\/harrison-coaching.de\/wp-content\/uploads\/2023\/09\/sunset-glass-ball-768x512.webp 768w, https:\/\/harrison-coaching.de\/wp-content\/uploads\/2023\/09\/sunset-glass-ball-1536x1024.webp 1536w, https:\/\/harrison-coaching.de\/wp-content\/uploads\/2023\/09\/sunset-glass-ball.webp 1920w\" sizes=\"auto, (max-width: 1024px) 100vw, 1024px\" \/><\/figure><div class=\"wp-block-media-text__content\">\n<p class=\"has-text-align-center\">In Deiner Kommunikation nutzt Du Beschreibungen, um Dich anderen mitzuteilen. Was aber, wenn Dir die Worte oder Empfindungen fehlen, um die Realit\u00e4t zu beschreiben? <\/p>\n\n\n\n<div class=\"wp-block-buttons is-content-justification-center is-layout-flex wp-container-core-buttons-is-layout-a89b3969 wp-block-buttons-is-layout-flex\">\n<div class=\"wp-block-button is-style-fill\" style=\"text-transform:uppercase\"><a class=\"wp-block-button__link has-text-align-left wp-element-button\" href=\"\/en\/methode\/#kommunikation\" style=\"border-style:none;border-width:0px;border-radius:5px\">Mehr lesen<\/a><\/div>\n<\/div>\n<\/div><\/div>\n<\/div>\n\n\n\n<div class=\"wp-block-group alignfull has-background is-layout-flow wp-block-group-is-layout-flow\" id=\"aktuelles\" style=\"background:linear-gradient(90deg,rgb(157,213,255) 0%,rgb(242,240,255) 67%,rgb(255,221,255) 100%);padding-top:80px;padding-right:8%;padding-bottom:80px;padding-left:8%\">\n<h2 class=\"wp-block-heading\">Aktuelles<\/h2>\n\n\n\n<div class=\"wp-block-query is-layout-flow wp-block-query-is-layout-flow\">\n\n<\/div>\n<\/div>\n\n\n\n<div class=\"wp-block-group alignfull is-layout-flow wp-block-group-is-layout-flow\" style=\"margin-top:0;margin-bottom:0;padding-top:30px;padding-right:8%;padding-bottom:30px;padding-left:8%\">\n<h4 class=\"wp-block-heading has-text-align-center\">Verbindung<\/h4>\n\n\n\n<h2 class=\"wp-block-heading has-text-align-center\">Verbundenheit zu Dir und Anderen<\/h2>\n\n\n\n<hr class=\"wp-block-separator has-alpha-channel-opacity is-style-wide\" style=\"margin-bottom:var(--wp--preset--spacing--40)\"\/>\n\n\n\n<div class=\"wp-block-media-text is-stacked-on-mobile is-vertically-aligned-center\" style=\"grid-template-columns:35% auto\"><figure class=\"wp-block-media-text__media\"><img loading=\"lazy\" decoding=\"async\" width=\"1024\" height=\"683\" src=\"https:\/\/harrison-coaching.de\/wp-content\/uploads\/2023\/09\/splashing-water-drop-1024x683.webp\" alt=\"\" class=\"wp-image-323 size-medium\" srcset=\"https:\/\/harrison-coaching.de\/wp-content\/uploads\/2023\/09\/splashing-water-drop-1024x683.webp 1024w, https:\/\/harrison-coaching.de\/wp-content\/uploads\/2023\/09\/splashing-water-drop-300x200.webp 300w, https:\/\/harrison-coaching.de\/wp-content\/uploads\/2023\/09\/splashing-water-drop-150x100.webp 150w, https:\/\/harrison-coaching.de\/wp-content\/uploads\/2023\/09\/splashing-water-drop-768x512.webp 768w, https:\/\/harrison-coaching.de\/wp-content\/uploads\/2023\/09\/splashing-water-drop-1536x1024.webp 1536w, https:\/\/harrison-coaching.de\/wp-content\/uploads\/2023\/09\/splashing-water-drop-2048x1365.webp 2048w\" sizes=\"auto, (max-width: 1024px) 100vw, 1024px\" \/><\/figure><div class=\"wp-block-media-text__content\">\n<p class=\"has-text-align-center\">Ein Wassertropfen allein ist schnell versickert. Doch mit der Verbindung zu Anderen entfaltet sich neues Potential. Trete in Verbindung zu deinen Gef\u00fchlen und erlebe, wie sie Deinen Austausch mit Anderen bereichern.  <\/p>\n\n\n\n<div class=\"wp-block-buttons is-content-justification-center is-layout-flex wp-container-core-buttons-is-layout-a89b3969 wp-block-buttons-is-layout-flex\">\n<div class=\"wp-block-button is-style-fill\" style=\"text-transform:uppercase\"><a class=\"wp-block-button__link has-text-align-left wp-element-button\" href=\"\/en\/methode\/#verbindung\" style=\"border-style:none;border-width:0px;border-radius:5px\">Mehr lesen<\/a><\/div>\n<\/div>\n<\/div><\/div>\n<\/div>\n\n\n\n<div class=\"wp-block-group alignfull has-background is-layout-flow wp-block-group-is-layout-flow\" id=\"coaching\" style=\"background:linear-gradient(90deg,rgb(157,213,255) 0%,rgb(242,240,255) 67%,rgb(255,221,255) 100%);padding-top:80px;padding-right:8%;padding-bottom:80px;padding-left:8%\">\n<div class=\"wp-block-columns are-vertically-aligned-center is-layout-flex wp-container-core-columns-is-layout-28f84493 wp-block-columns-is-layout-flex\">\n<div class=\"wp-block-column is-vertically-aligned-center is-layout-flow wp-block-column-is-layout-flow\">\n<h2 class=\"wp-block-heading\">Coaching buchen<\/h2>\n\n\n\n<p>Pers\u00f6nliches Coaching<br>und f\u00fcr Paare oder Familien<\/p>\n\n\n\n<p>Tagesworkshops auf Anfrage.<\/p>\n\n\n\n<p>Telefonische Vereinbarung:<br>+49 176 45 96 29 07 <\/p>\n\n\n\n<p>Oder per E-Mail: <br>info@harrison-coaching.com<\/p>\n<\/div>\n\n\n\n<div class=\"wp-block-column is-vertically-aligned-center is-layout-flow wp-block-column-is-layout-flow\">\n<h4 class=\"wp-block-heading has-text-align-center\">Bereit? <\/h4>\n\n\n\n<p class=\"has-text-align-center has-x-large-font-size\" style=\"margin-top:0;margin-right:var(--wp--preset--spacing--40);margin-bottom:var(--wp--preset--spacing--30);margin-left:var(--wp--preset--spacing--40);font-style:normal;font-weight:400\"><strong>Schaffen wir gemeinsam etwas Neues<\/strong><\/p>\n\n\n\n<div class=\"wp-block-buttons is-content-justification-center is-layout-flex wp-container-core-buttons-is-layout-a89b3969 wp-block-buttons-is-layout-flex\">\n<div class=\"wp-block-button\"><a class=\"wp-block-button__link wp-element-button\" href=\"mailto:info@harrison%2Dcoaching.de?subject=Coaching%20buchen\" style=\"border-radius:5px\">Kontaktiere mich<\/a><\/div>\n<\/div>\n<\/div>\n<\/div>\n<\/div>\n\n\n\n<div class=\"wp-block-group alignfull is-layout-flow wp-block-group-is-layout-flow\" style=\"margin-top:0;margin-bottom:0;padding-top:30px;padding-right:8%;padding-bottom:30px;padding-left:8%\">\n<h4 class=\"wp-block-heading has-text-align-center\">Entfaltung<\/h4>\n\n\n\n<h2 class=\"wp-block-heading has-text-align-center\">Eine aufregende Reise<\/h2>\n\n\n\n<hr class=\"wp-block-separator has-alpha-channel-opacity is-style-wide\" style=\"margin-bottom:var(--wp--preset--spacing--40)\"\/>\n\n\n\n<div class=\"wp-block-media-text is-stacked-on-mobile is-vertically-aligned-center\" style=\"grid-template-columns:35% auto\"><figure class=\"wp-block-media-text__media\"><img loading=\"lazy\" decoding=\"async\" width=\"1024\" height=\"683\" src=\"https:\/\/harrison-coaching.de\/wp-content\/uploads\/2024\/11\/2024_05_BAERENSTARKmedia-4348-1024x683.jpg\" alt=\"\" class=\"wp-image-753 size-medium\" srcset=\"https:\/\/harrison-coaching.de\/wp-content\/uploads\/2024\/11\/2024_05_BAERENSTARKmedia-4348-1024x683.jpg 1024w, https:\/\/harrison-coaching.de\/wp-content\/uploads\/2024\/11\/2024_05_BAERENSTARKmedia-4348-300x200.jpg 300w, https:\/\/harrison-coaching.de\/wp-content\/uploads\/2024\/11\/2024_05_BAERENSTARKmedia-4348-150x100.jpg 150w, https:\/\/harrison-coaching.de\/wp-content\/uploads\/2024\/11\/2024_05_BAERENSTARKmedia-4348-768x512.jpg 768w, https:\/\/harrison-coaching.de\/wp-content\/uploads\/2024\/11\/2024_05_BAERENSTARKmedia-4348-1536x1025.jpg 1536w, https:\/\/harrison-coaching.de\/wp-content\/uploads\/2024\/11\/2024_05_BAERENSTARKmedia-4348-2048x1366.jpg 2048w, https:\/\/harrison-coaching.de\/wp-content\/uploads\/2024\/11\/2024_05_BAERENSTARKmedia-4348-18x12.jpg 18w\" sizes=\"auto, (max-width: 1024px) 100vw, 1024px\" \/><\/figure><div class=\"wp-block-media-text__content\">\n<p class=\"has-text-align-center\">Der Weg zu Dir selbst ist wie eine Reise durch verschneite Landschaft, wo es noch keine Spuren gibt. Jeder Schritt ins Unbekannte legt einen neuen Weg. <\/p>\n\n\n\n<p class=\"has-text-align-center\">Im Gespr\u00e4ch kl\u00e4ren wir, wie Dein innerer Kompass von alten Entscheidungen und Emotionen beeinflusst wird. Mit dem Orientierungsprozess wirst Du klarer sehen, wo Du stehst und welches Potenzial im n\u00e4chsten Schritt liegt.<\/p>\n\n\n\n<div class=\"wp-block-buttons is-content-justification-center is-layout-flex wp-container-core-buttons-is-layout-a89b3969 wp-block-buttons-is-layout-flex\">\n<div class=\"wp-block-button is-style-fill\" style=\"text-transform:uppercase\"><a class=\"wp-block-button__link has-text-align-left wp-element-button\" href=\"\/en\/methode\/#entfaltung\" style=\"border-style:none;border-width:0px;border-radius:5px\">Mehr lesen<\/a><\/div>\n<\/div>\n<\/div><\/div>\n<\/div>\n\n\n\n<div class=\"wp-block-group alignfull has-background is-layout-flow wp-block-group-is-layout-flow\" style=\"background:linear-gradient(90deg,rgb(157,213,255) 0%,rgb(238,238,255) 67%,rgb(255,221,255) 100%);padding-top:80px;padding-right:8%;padding-bottom:80px;padding-left:8%\">\n<div class=\"wp-block-media-text has-media-on-the-right is-stacked-on-mobile is-vertically-aligned-center\" style=\"grid-template-columns:auto 35%\"><div class=\"wp-block-media-text__content\">\n<p class=\"has-text-align-center\">&#8222;Es macht mir Freude, gemeinsam die F\u00fclle an M\u00f6glichkeiten aufzudecken, die Dir zu verf\u00fcgung stehen.&#8220;<\/p>\n\n\n\n<div class=\"wp-block-buttons is-content-justification-center is-layout-flex wp-container-core-buttons-is-layout-a89b3969 wp-block-buttons-is-layout-flex\">\n<div class=\"wp-block-button is-style-fill\" style=\"text-transform:uppercase\"><a class=\"wp-block-button__link has-text-align-left wp-element-button\" href=\"\/en\/ueber-mich\/\" style=\"border-style:none;border-width:0px;border-radius:5px\">\u00dcber Mich<\/a><\/div>\n<\/div>\n<\/div><figure class=\"wp-block-media-text__media\"><img loading=\"lazy\" decoding=\"async\" width=\"1024\" height=\"683\" src=\"https:\/\/harrison-coaching.de\/wp-content\/uploads\/2024\/11\/2024_04_BAERENSTARKmedia-2521-1024x683.jpg\" alt=\"\" class=\"wp-image-750 size-medium\" srcset=\"https:\/\/harrison-coaching.de\/wp-content\/uploads\/2024\/11\/2024_04_BAERENSTARKmedia-2521-1024x683.jpg 1024w, https:\/\/harrison-coaching.de\/wp-content\/uploads\/2024\/11\/2024_04_BAERENSTARKmedia-2521-300x200.jpg 300w, https:\/\/harrison-coaching.de\/wp-content\/uploads\/2024\/11\/2024_04_BAERENSTARKmedia-2521-150x100.jpg 150w, https:\/\/harrison-coaching.de\/wp-content\/uploads\/2024\/11\/2024_04_BAERENSTARKmedia-2521-768x512.jpg 768w, https:\/\/harrison-coaching.de\/wp-content\/uploads\/2024\/11\/2024_04_BAERENSTARKmedia-2521-1536x1024.jpg 1536w, https:\/\/harrison-coaching.de\/wp-content\/uploads\/2024\/11\/2024_04_BAERENSTARKmedia-2521-2048x1366.jpg 2048w, https:\/\/harrison-coaching.de\/wp-content\/uploads\/2024\/11\/2024_04_BAERENSTARKmedia-2521-18x12.jpg 18w\" sizes=\"auto, (max-width: 1024px) 100vw, 1024px\" \/><\/figure><\/div>\n<\/div>\n\n\n\n<div class=\"wp-block-group alignfull is-layout-flow wp-block-group-is-layout-flow\" id=\"methode\" style=\"margin-top:0;margin-bottom:0;padding-top:30px;padding-right:8%;padding-bottom:30px;padding-left:8%\">\n<h4 class=\"wp-block-heading has-text-align-center\">Methode<\/h4>\n\n\n\n<h2 class=\"wp-block-heading has-text-align-center\">Wie ich arbeite<\/h2>\n\n\n\n<hr class=\"wp-block-separator has-alpha-channel-opacity is-style-wide\"\/>\n\n\n\n<div class=\"wp-block-media-text is-stacked-on-mobile is-vertically-aligned-center\" style=\"grid-template-columns:35% auto\"><figure class=\"wp-block-media-text__media\"><img loading=\"lazy\" decoding=\"async\" width=\"683\" height=\"1024\" src=\"https:\/\/harrison-coaching.de\/wp-content\/uploads\/2024\/11\/2024_10_BAERENSTARKmedia-9381-1-683x1024.jpg\" alt=\"\" class=\"wp-image-748 size-medium\" srcset=\"https:\/\/harrison-coaching.de\/wp-content\/uploads\/2024\/11\/2024_10_BAERENSTARKmedia-9381-1-683x1024.jpg 683w, https:\/\/harrison-coaching.de\/wp-content\/uploads\/2024\/11\/2024_10_BAERENSTARKmedia-9381-1-200x300.jpg 200w, https:\/\/harrison-coaching.de\/wp-content\/uploads\/2024\/11\/2024_10_BAERENSTARKmedia-9381-1-100x150.jpg 100w, https:\/\/harrison-coaching.de\/wp-content\/uploads\/2024\/11\/2024_10_BAERENSTARKmedia-9381-1-768x1151.jpg 768w, https:\/\/harrison-coaching.de\/wp-content\/uploads\/2024\/11\/2024_10_BAERENSTARKmedia-9381-1-1025x1536.jpg 1025w, https:\/\/harrison-coaching.de\/wp-content\/uploads\/2024\/11\/2024_10_BAERENSTARKmedia-9381-1-1366x2048.jpg 1366w, https:\/\/harrison-coaching.de\/wp-content\/uploads\/2024\/11\/2024_10_BAERENSTARKmedia-9381-1-8x12.jpg 8w, https:\/\/harrison-coaching.de\/wp-content\/uploads\/2024\/11\/2024_10_BAERENSTARKmedia-9381-1.jpg 1441w\" sizes=\"auto, (max-width: 683px) 100vw, 683px\" \/><\/figure><div class=\"wp-block-media-text__content\">\n<p>Die Kraft f\u00fcr die Befreiung aus alten Glaubenss\u00e4tzen, aus Gewohnheiten und Geschichten liegt in Dir. Ich biete dir einen Raum mit Klarheit und neuen Impulsen, auf deinem Weg raus aus der Komfortzone, rein in nachhaltige Ver\u00e4nderung \u2013 damit du das Leben f\u00fchrst, das dich gl\u00fccklich macht. <\/p>\n\n\n\n<p>Die vertrauten Wege zu verlassen ist immer ein Wagnis. Alles Vertraute k\u00f6nnen wir einsch\u00e4tzen \u2013 aber eine L\u00f6sung ist nicht dabei. Also gilt es neue Richtungen zu erkunden \u2013 ins Unbekannte, mit den eigenen Gef\u00fchlen als Kompass. <\/p>\n\n\n\n<p>Durch bewusstes F\u00fchlen beleuchten wir, wo und wie Du mit der Umwelt in Verbindung stehst und was Dir etwas bedeutet.<\/p>\n\n\n\n<p>Gemeinsam erweitern wir deine <strong>Ressourcen<\/strong>, mit denen Du <strong>Dein Leben <\/strong>nach <strong>Deinen Werten<\/strong> gestalten kannst.<\/p>\n\n\n\n<p>Dabei dienen mein Psychologiestudium und meine Erfahrung in Possobility Management als Grundlage und Wegweiser. <\/p>\n\n\n\n<p>Ich nutze Unterscheidungen, Gedanken-Karten und Prozesse aus dem Possibility Management in meiner Arbeit. <\/p>\n\n\n\n<div class=\"wp-block-buttons is-content-justification-left is-layout-flex wp-container-core-buttons-is-layout-f18e3ee8 wp-block-buttons-is-layout-flex\" style=\"margin-top:5%;margin-bottom:5%\">\n<div class=\"wp-block-button\"><a class=\"wp-block-button__link wp-element-button\" href=\"\/en\/methode\/#possibility-management\" style=\"border-radius:5px\">Mehr erfahren<\/a><\/div>\n<\/div>\n<\/div><\/div>\n<\/div>\n\n\n\n<div class=\"wp-block-group alignfull has-background is-layout-flow wp-block-group-is-layout-flow\" style=\"background:linear-gradient(90deg,rgb(157,213,255) 0%,rgb(242,240,255) 67%,rgb(255,221,255) 100%);padding-top:80px;padding-right:8%;padding-bottom:80px;padding-left:8%\">\n<h4 class=\"wp-block-heading has-text-align-center\">Invest in yourself! <\/h4>\n\n\n\n<p class=\"has-text-align-center has-x-large-font-size\" style=\"margin-top:0;margin-right:var(--wp--preset--spacing--40);margin-bottom:var(--wp--preset--spacing--30);margin-left:var(--wp--preset--spacing--40);font-style:normal;font-weight:400\"><strong>Unverbindliches Vorgespr\u00e4ch<\/strong><\/p>\n\n\n\n<p class=\"has-text-align-center\">Vereinbare gerne ein Vorgespr\u00e4ch zum Kennenlernen. <br>Wir kl\u00e4ren Dein Thema, alle Fragen und die Konditionen. <\/p>\n\n\n\n<div class=\"wp-block-buttons is-content-justification-center is-layout-flex wp-container-core-buttons-is-layout-a89b3969 wp-block-buttons-is-layout-flex\">\n<div class=\"wp-block-button\"><a class=\"wp-block-button__link wp-element-button\" href=\"mailto:info@harrison%2Dcoaching.de?subject=Vorgespr\u00e4ch%20Termin\" style=\"border-radius:5px\">Termin vereinbaren<\/a><\/div>\n<\/div>\n<\/div>\n\n\n\n<div class=\"wp-block-group alignfull is-layout-flow wp-block-group-is-layout-flow\" id=\"referenzen\" style=\"margin-top:0;margin-bottom:0;padding-top:30px;padding-right:8%;padding-bottom:30px;padding-left:8%\">\n<h4 class=\"wp-block-heading has-text-align-center\">Referenzen<\/h4>\n\n\n\n<h2 class=\"wp-block-heading has-text-align-center\">Was TeilnehmerInnen erlebten:<\/h2>\n\n\n\n<hr class=\"wp-block-separator has-alpha-channel-opacity is-style-wide\" style=\"margin-bottom:var(--wp--preset--spacing--40)\"\/>\n\n\n\n<div class=\"wp-block-columns is-layout-flex wp-container-core-columns-is-layout-28f84493 wp-block-columns-is-layout-flex\">\n<div class=\"wp-block-column is-layout-flow wp-block-column-is-layout-flow\">\n<div class=\"wp-block-group has-border-color has-cyan-bluish-gray-border-color has-background-background-color has-background is-layout-flow wp-block-group-is-layout-flow\" style=\"border-width:1px;margin-bottom:var(--wp--preset--spacing--30);padding-top:5%;padding-right:5%;padding-bottom:5%;padding-left:5%\">\n<p class=\"has-text-align-left has-x-large-font-size\">\u275e<\/p>\n\n\n\n<p style=\"margin-top:0;margin-right:0;margin-bottom:0;margin-left:0\">&#8230;.F\u00fcr mich war es ganz toll in der \u00dcbung zu erkennen, dass einige Male in meinem Leben, wo ich mich f\u00fcr etwas eingesetzt habe, wo ich entschieden habe etwas zu unternehmen, wo andere nichts getan haben, meine treibende Kraft, meine Wut war. Fr\u00fcher habe ich immer gemeint, dass meine Wut etwas Negatives ist, die ich kontrollieren lernen muss.<\/p>\n\n\n\n<p><strong>Mr. T.<\/strong><\/p>\n<\/div>\n\n\n\n<div class=\"wp-block-group has-border-color has-cyan-bluish-gray-border-color has-background-background-color has-background is-layout-flow wp-block-group-is-layout-flow\" style=\"border-style:solid;border-width:1px;margin-bottom:var(--wp--preset--spacing--30);padding-top:5%;padding-right:5%;padding-bottom:5%;padding-left:5%\">\n<p class=\"has-text-align-left has-x-large-font-size\">\u275e<\/p>\n\n\n\n<p style=\"margin-top:0;margin-right:0;margin-bottom:0;margin-left:0\">F\u00fcr mich war es sehr spannend, Aufschluss dar\u00fcber zu bekommen, welche vier Gef\u00fchle uns haupts\u00e4chlich bestimmen und welchen Handlungsimpuls sie bei uns erwecken.<\/p>\n\n\n\n<p><strong>Natalie<\/strong><\/p>\n<\/div>\n<\/div>\n\n\n\n<div class=\"wp-block-column is-layout-flow wp-block-column-is-layout-flow\">\n<div class=\"wp-block-group has-border-color has-cyan-bluish-gray-border-color has-background-background-color has-background is-layout-flow wp-block-group-is-layout-flow\" style=\"border-style:solid;border-width:1px;margin-bottom:var(--wp--preset--spacing--30);padding-top:5%;padding-right:5%;padding-bottom:5%;padding-left:5%\">\n<p class=\"has-text-align-left has-x-large-font-size\">\u275e<\/p>\n\n\n\n<p style=\"margin-top:0;margin-right:0;margin-bottom:0;margin-left:0\">F\u00fcr mich ging es um neue M\u00f6glichkeiten im Umgang mit mir selbst und mit meinem Partner und Freundeskreis. Ich nehme daraus mit, die Qualit\u00e4t von Traurigkeit gesp\u00fcrt zu haben. Mit Hilfe des Coachings habe ich neue Einblicke in menschliche Beziehungen bekommen und M\u00f6glichkeiten, diese authentischer zu gestalten.<\/p>\n\n\n\n<p><strong>Barbara<\/strong><\/p>\n<\/div>\n\n\n\n<div class=\"wp-block-group has-border-color has-cyan-bluish-gray-border-color has-background-background-color has-background is-layout-flow wp-block-group-is-layout-flow\" style=\"border-style:solid;border-width:1px;margin-bottom:var(--wp--preset--spacing--30);padding-top:5%;padding-right:5%;padding-bottom:5%;padding-left:5%\">\n<p class=\"has-text-align-left has-x-large-font-size\">\u275e<\/p>\n\n\n\n<p style=\"margin-top:0;margin-right:0;margin-bottom:0;margin-left:0\">Worum es f\u00fcr mich bei dem Workshop ging:<br>\u2013 f\u00fcr mich zu sprechen, mit meinen Gef\u00fchlen und Bed\u00fcrfnissen<br>\u2013 zu dir zu sprechen, sodass du mir zuh\u00f6ren kannst, ohne verletzt zu sein<\/p>\n\n\n\n<p>Ich konnte die \u201eIdee\u201c mitnehmen, was \u201eErwachsenes-Sprechen\u201c sein kann und was nicht.<br>Den Wunsch, das weiter zu \u00fcben.<br>Und ich bin inspiriert von dem \u201eEine Frage \u2013 neun Antworten\u201c-Spiel, um Gespr\u00e4che zu vertiefen und eigene Motive aufzusp\u00fcren.<\/p>\n\n\n\n<p><strong>Annegret<\/strong><\/p>\n<\/div>\n<\/div>\n\n\n\n<div class=\"wp-block-column is-layout-flow wp-block-column-is-layout-flow\">\n<div class=\"wp-block-group has-border-color has-cyan-bluish-gray-border-color has-background-background-color has-background is-layout-flow wp-block-group-is-layout-flow\" style=\"border-style:solid;border-width:1px;margin-bottom:var(--wp--preset--spacing--30);padding-top:5%;padding-right:5%;padding-bottom:5%;padding-left:5%\">\n<p class=\"has-text-align-left has-x-large-font-size\">\u275e<\/p>\n\n\n\n<p style=\"margin-top:0;margin-right:0;margin-bottom:0;margin-left:0\">In dem letzten Workshop waren f\u00fcr mich die vier verschiedenen Formen der Kommunikationstypen zu erkennen, die man selbst in der eigenen Kommunikation anwendet und in die man wie Rollen hineinschl\u00fcpft, abh\u00e4ngig davon, wie bewusst oder auch unbewusst man davon ausgeht, dass sie einem in der Kommunikation und mit dem eigenen Anliegen weiterbringen. Indem wir im Workshop durch Rollenspiele bewusst in diese unterschiedlichen Typen hineingeschl\u00fcpft sind, konnten wir sehr wirkungsvoll erleben, was sie zum einen mit uns machen und zum anderen, welche Wirkung sie in der Kommunikation mit Anderen erzielen. Am eindr\u00fccklichsten waren jedoch die vier Kommunikations-Ichs, mit denen wir in Kontakt mit Anderen treten und f\u00fcr mich zu erkennen, welchen Effekt sie haben. Dass mir ein Bewusstwerden von ihrer Wirkung dabei helfen kann, meine eigene Kommunikation konstruktiver und selbstbestimmter zu gestalten, war f\u00fcr mich ein wichtiger Impuls, den ich aus dem Workshop mitgenommen habe.<\/p>\n\n\n\n<p><strong>Natalie<\/strong><\/p>\n<\/div>\n<\/div>\n<\/div>\n<\/div>","protected":false},"excerpt":{"rendered":"<p>Kommunikation Teile Dich erfolgreich Anderen mit In Deiner Kommunikation nutzt Du Beschreibungen, um Dich anderen mitzuteilen. Was aber, wenn Dir die Worte oder Empfindungen fehlen, um die Realit\u00e4t zu beschreiben? Aktuelles Verbindung Verbundenheit zu Dir und Anderen Ein Wassertropfen allein ist schnell versickert. Doch mit der Verbindung zu Anderen entfaltet sich neues Potential. Trete in [&hellip;]<\/p>\n","protected":false},"author":2,"featured_media":0,"parent":0,"menu_order":0,"comment_status":"closed","ping_status":"closed","template":"","meta":{"footnotes":""},"class_list":["post-305","page","type-page","status-publish","hentry"],"_links":{"self":[{"href":"https:\/\/harrison-coaching.de\/en\/wp-json\/wp\/v2\/pages\/305","targetHints":{"allow":["GET"]}}],"collection":[{"href":"https:\/\/harrison-coaching.de\/en\/wp-json\/wp\/v2\/pages"}],"about":[{"href":"https:\/\/harrison-coaching.de\/en\/wp-json\/wp\/v2\/types\/page"}],"author":[{"embeddable":true,"href":"https:\/\/harrison-coaching.de\/en\/wp-json\/wp\/v2\/users\/2"}],"replies":[{"embeddable":true,"href":"https:\/\/harrison-coaching.de\/en\/wp-json\/wp\/v2\/comments?post=305"}],"version-history":[{"count":17,"href":"https:\/\/harrison-coaching.de\/en\/wp-json\/wp\/v2\/pages\/305\/revisions"}],"predecessor-version":[{"id":754,"href":"https:\/\/harrison-coaching.de\/en\/wp-json\/wp\/v2\/pages\/305\/revisions\/754"}],"wp:attachment":[{"href":"https:\/\/harrison-coaching.de\/en\/wp-json\/wp\/v2\/media?parent=305"}],"curies":[{"name":"wp","href":"https:\/\/api.w.org\/{rel}","templated":true}]}}